{"id":44,"date":"2021-09-08T21:12:02","date_gmt":"2021-09-08T21:12:02","guid":{"rendered":"https:\/\/www.dzialkinadarzyn.pl\/?page_id=44"},"modified":"2022-05-17T20:38:46","modified_gmt":"2022-05-17T20:38:46","slug":"daddf","status":"publish","type":"page","link":"https:\/\/www.dzialkinadarzyn.pl\/","title":{"rendered":"Zakup dzia\u0142ki budowlanej w gminie Nadarzyn"},"content":{"rendered":"\n<h2 class=\"wp-block-heading\">Jak przeanalizowa\u0107 dzia\u0142k\u0119 przed zakupem w gminie Nadarzyn<\/h2>\n\n\n\n<p>Zakup dzia\u0142ki dla ka\u017cdego, kto si\u0119 tego podejmuje (w szczeg\u00f3lno\u015bci je\u015bli ma na niej wybudowa\u0107 dom), to bardzo stresuj\u0105ca sprawa.<\/p>\n\n\n\n<p>Na tej stronie chcieliby\u015bmy pokaza\u0107, co warto sprawdzi\u0107 i gdzie tych informacji szuka\u0107, je\u015bli planujecie kupi\u0107 dzia\u0142k\u0119 w gminie Nadarzyn.<\/p>\n\n\n\n<ul class=\"wp-block-list\"><li>MPZP<\/li><li>Obecny spos\u00f3b u\u017cytkowania (Ewidencja grunt\u00f3w)<\/li><li>Media (Pr\u0105d, Gaz, Woda, Kanalizacja)<\/li><\/ul>\n\n\n\n<p><\/p>\n","protected":false},"excerpt":{"rendered":"<p>Jak przeanalizowa\u0107 dzia\u0142k\u0119 przed zakupem w gminie Nadarzyn Zakup dzia\u0142ki dla ka\u017cdego, kto si\u0119 tego podejmuje (w szczeg\u00f3lno\u015bci je\u015bli ma na niej wybudowa\u0107 dom), to bardzo stresuj\u0105ca sprawa. Na tej stronie chcieliby\u015bmy pokaza\u0107, co warto sprawdzi\u0107 i gdzie tych informacji &hellip; <a href=\"https:\/\/www.dzialkinadarzyn.pl\/\">Czytaj dalej <span class=\"meta-nav\">&rarr;<\/span><\/a><\/p>\n","protected":false},"author":1,"featured_media":0,"parent":0,"menu_order":0,"comment_status":"closed","ping_status":"closed","template":"","meta":{"footnotes":""},"class_list":["post-44","page","type-page","status-publish","hentry"],"_links":{"self":[{"href":"https:\/\/www.dzialkinadarzyn.pl\/index.php?rest_route=\/wp\/v2\/pages\/44","targetHints":{"allow":["GET"]}}],"collection":[{"href":"https:\/\/www.dzialkinadarzyn.pl\/index.php?rest_route=\/wp\/v2\/pages"}],"about":[{"href":"https:\/\/www.dzialkinadarzyn.pl\/index.php?rest_route=\/wp\/v2\/types\/page"}],"author":[{"embeddable":true,"href":"https:\/\/www.dzialkinadarzyn.pl\/index.php?rest_route=\/wp\/v2\/users\/1"}],"replies":[{"embeddable":true,"href":"https:\/\/www.dzialkinadarzyn.pl\/index.php?rest_route=%2Fwp%2Fv2%2Fcomments&post=44"}],"version-history":[{"count":6,"href":"https:\/\/www.dzialkinadarzyn.pl\/index.php?rest_route=\/wp\/v2\/pages\/44\/revisions"}],"predecessor-version":[{"id":200,"href":"https:\/\/www.dzialkinadarzyn.pl\/index.php?rest_route=\/wp\/v2\/pages\/44\/revisions\/200"}],"wp:attachment":[{"href":"https:\/\/www.dzialkinadarzyn.pl\/index.php?rest_route=%2Fwp%2Fv2%2Fmedia&parent=44"}],"curies":[{"name":"wp","href":"https:\/\/api.w.org\/{rel}","templated":true}]}}