{"id":56,"date":"2021-09-09T20:17:53","date_gmt":"2021-09-09T20:17:53","guid":{"rendered":"https:\/\/www.dzialkinadarzyn.pl\/?page_id=56"},"modified":"2022-05-17T20:47:33","modified_gmt":"2022-05-17T20:47:33","slug":"ceny-transakcyjne","status":"publish","type":"page","link":"https:\/\/www.dzialkinadarzyn.pl\/?page_id=56","title":{"rendered":"Ceny transakcyjne"},"content":{"rendered":"\n<p>Wszyscy powtarzaj\u0105, \u017ce dzia\u0142ka jest tyle warta, ile kto\u015b jest w stanie za ni\u0105 zap\u0142aci\u0107 :).<br>Teraz bardzo \u0142atwo sprawdzi\u0107, ile kto\u015b zap\u0142aci\u0142 za konkretne dzia\u0142ki w okolicy, w kt\u00f3rej szukasz.<\/p>\n\n\n\n<p>Informacje takie udost\u0119pniaj\u0105 niekt\u00f3re powiatowe Rejestry Cen i Warto\u015bci Nieruchomo\u015bci.<br>Robi to w\u0142a\u015bnie RCIWN Pruszk\u00f3w.<\/p>\n\n\n\n<p>Dane te mo\u017cna znale\u017a\u0107 na stronie:<br>https:\/\/mapy.geoportal.gov.pl\/imap\/Imgp_2.html<\/p>\n\n\n\n<p>Po otworzeniu mapy i dodaniu warstwy &#8222;Ceny nieruchomo\u015bci&#8221;, na dzia\u0142kach, kt\u00f3rych ceny transakcyjne s\u0105 dost\u0119pne, pojawi\u0105 si\u0119 niebieskie znaczniki:<\/p>\n\n\n\n<figure class=\"wp-block-image size-large\"><img loading=\"lazy\" decoding=\"async\" width=\"1024\" height=\"378\" src=\"https:\/\/www.dzialkinadarzyn.pl\/wp-content\/uploads\/2021\/09\/image-1024x378.png\" alt=\"\" class=\"wp-image-57\" srcset=\"https:\/\/www.dzialkinadarzyn.pl\/wp-content\/uploads\/2021\/09\/image-1024x378.png 1024w, https:\/\/www.dzialkinadarzyn.pl\/wp-content\/uploads\/2021\/09\/image-300x111.png 300w, https:\/\/www.dzialkinadarzyn.pl\/wp-content\/uploads\/2021\/09\/image-768x283.png 768w, https:\/\/www.dzialkinadarzyn.pl\/wp-content\/uploads\/2021\/09\/image.png 1280w\" sizes=\"auto, (max-width: 1024px) 100vw, 1024px\" \/><\/figure>\n\n\n\n<p>G &#8211; sprzedana jako gruntowa<br>Z &#8211; sprzedana jako zabudowana<\/p>\n\n\n\n<figure class=\"wp-block-image size-full\"><img loading=\"lazy\" decoding=\"async\" width=\"69\" height=\"36\" src=\"https:\/\/www.dzialkinadarzyn.pl\/wp-content\/uploads\/2021\/09\/image-8.png\" alt=\"\" class=\"wp-image-67\"\/><\/figure>\n\n\n\n<p>Klikamy na interesuj\u0105c\u0105 nas dzia\u0142k\u0119, rozwijamy &#8222;WMS, Ceny nieruchomo\u015bci&#8221;, a nast\u0119pnie <br>&#8222;Kup jedn\u0105 transakcj\u0119&#8221;.<\/p>\n\n\n\n<figure class=\"wp-block-image size-full\"><img loading=\"lazy\" decoding=\"async\" width=\"852\" height=\"402\" src=\"https:\/\/www.dzialkinadarzyn.pl\/wp-content\/uploads\/2021\/09\/image-7.png\" alt=\"\" class=\"wp-image-64\" srcset=\"https:\/\/www.dzialkinadarzyn.pl\/wp-content\/uploads\/2021\/09\/image-7.png 852w, https:\/\/www.dzialkinadarzyn.pl\/wp-content\/uploads\/2021\/09\/image-7-300x142.png 300w, https:\/\/www.dzialkinadarzyn.pl\/wp-content\/uploads\/2021\/09\/image-7-768x362.png 768w\" sizes=\"auto, (max-width: 852px) 100vw, 852px\" \/><\/figure>\n\n\n\n<p>Zostaniemy przekierowani na stron\u0119 RCIWN Pruszk\u00f3w.<br>Konieczne b\u0119dzie podanie danych:<\/p>\n\n\n\n<figure class=\"wp-block-image size-large\"><img loading=\"lazy\" decoding=\"async\" width=\"1024\" height=\"586\" src=\"https:\/\/www.dzialkinadarzyn.pl\/wp-content\/uploads\/2021\/09\/image-10-1024x586.png\" alt=\"\" class=\"wp-image-70\" srcset=\"https:\/\/www.dzialkinadarzyn.pl\/wp-content\/uploads\/2021\/09\/image-10-1024x586.png 1024w, https:\/\/www.dzialkinadarzyn.pl\/wp-content\/uploads\/2021\/09\/image-10-300x172.png 300w, https:\/\/www.dzialkinadarzyn.pl\/wp-content\/uploads\/2021\/09\/image-10-768x439.png 768w, https:\/\/www.dzialkinadarzyn.pl\/wp-content\/uploads\/2021\/09\/image-10.png 1205w\" sizes=\"auto, (max-width: 1024px) 100vw, 1024px\" \/><\/figure>\n\n\n\n<p>Nast\u0119pnie wykona\u0107 sekwencj\u0119 krok\u00f3w jak poni\u017cej i op\u0142aci\u0107 transakcj\u0119, np. blikiem:<\/p>\n\n\n\n<figure class=\"wp-block-image size-large\"><img loading=\"lazy\" decoding=\"async\" width=\"1024\" height=\"453\" src=\"https:\/\/www.dzialkinadarzyn.pl\/wp-content\/uploads\/2021\/09\/image-11-1024x453.png\" alt=\"\" class=\"wp-image-71\" srcset=\"https:\/\/www.dzialkinadarzyn.pl\/wp-content\/uploads\/2021\/09\/image-11-1024x453.png 1024w, https:\/\/www.dzialkinadarzyn.pl\/wp-content\/uploads\/2021\/09\/image-11-300x133.png 300w, https:\/\/www.dzialkinadarzyn.pl\/wp-content\/uploads\/2021\/09\/image-11-768x340.png 768w, https:\/\/www.dzialkinadarzyn.pl\/wp-content\/uploads\/2021\/09\/image-11.png 1131w\" sizes=\"auto, (max-width: 1024px) 100vw, 1024px\" \/><\/figure>\n\n\n\n<p>Po op\u0142aceniu, na podanego maila przyjdzie raport cenowy.<br>Poni\u017cej przyk\u0142ad takiego raportu (celowo ukryta zosta\u0142a cena i dane notariusza):<\/p>\n\n\n\n<figure class=\"wp-block-image size-full\"><img loading=\"lazy\" decoding=\"async\" width=\"528\" height=\"681\" src=\"https:\/\/www.dzialkinadarzyn.pl\/wp-content\/uploads\/2021\/09\/image-12.png\" alt=\"\" class=\"wp-image-72\" srcset=\"https:\/\/www.dzialkinadarzyn.pl\/wp-content\/uploads\/2021\/09\/image-12.png 528w, https:\/\/www.dzialkinadarzyn.pl\/wp-content\/uploads\/2021\/09\/image-12-233x300.png 233w\" sizes=\"auto, (max-width: 528px) 100vw, 528px\" \/><\/figure>\n","protected":false},"excerpt":{"rendered":"<p>Wszyscy powtarzaj\u0105, \u017ce dzia\u0142ka jest tyle warta, ile kto\u015b jest w stanie za ni\u0105 zap\u0142aci\u0107 :).Teraz bardzo \u0142atwo sprawdzi\u0107, ile kto\u015b zap\u0142aci\u0142 za konkretne dzia\u0142ki w okolicy, w kt\u00f3rej szukasz. Informacje takie udost\u0119pniaj\u0105 niekt\u00f3re powiatowe Rejestry Cen i Warto\u015bci Nieruchomo\u015bci.Robi &hellip; <a href=\"https:\/\/www.dzialkinadarzyn.pl\/?page_id=56\">Czytaj dalej <span class=\"meta-nav\">&rarr;<\/span><\/a><\/p>\n","protected":false},"author":1,"featured_media":0,"parent":0,"menu_order":0,"comment_status":"closed","ping_status":"closed","template":"","meta":{"footnotes":""},"class_list":["post-56","page","type-page","status-publish","hentry"],"_links":{"self":[{"href":"https:\/\/www.dzialkinadarzyn.pl\/index.php?rest_route=\/wp\/v2\/pages\/56","targetHints":{"allow":["GET"]}}],"collection":[{"href":"https:\/\/www.dzialkinadarzyn.pl\/index.php?rest_route=\/wp\/v2\/pages"}],"about":[{"href":"https:\/\/www.dzialkinadarzyn.pl\/index.php?rest_route=\/wp\/v2\/types\/page"}],"author":[{"embeddable":true,"href":"https:\/\/www.dzialkinadarzyn.pl\/index.php?rest_route=\/wp\/v2\/users\/1"}],"replies":[{"embeddable":true,"href":"https:\/\/www.dzialkinadarzyn.pl\/index.php?rest_route=%2Fwp%2Fv2%2Fcomments&post=56"}],"version-history":[{"count":5,"href":"https:\/\/www.dzialkinadarzyn.pl\/index.php?rest_route=\/wp\/v2\/pages\/56\/revisions"}],"predecessor-version":[{"id":204,"href":"https:\/\/www.dzialkinadarzyn.pl\/index.php?rest_route=\/wp\/v2\/pages\/56\/revisions\/204"}],"wp:attachment":[{"href":"https:\/\/www.dzialkinadarzyn.pl\/index.php?rest_route=%2Fwp%2Fv2%2Fmedia&parent=56"}],"curies":[{"name":"wp","href":"https:\/\/api.w.org\/{rel}","templated":true}]}}