{"id":8,"date":"2021-09-08T18:26:33","date_gmt":"2021-09-08T18:26:33","guid":{"rendered":"https:\/\/www.dzialkinadarzyn.pl\/?page_id=8"},"modified":"2022-05-17T20:43:37","modified_gmt":"2022-05-17T20:43:37","slug":"analiza","status":"publish","type":"page","link":"https:\/\/www.dzialkinadarzyn.pl\/?page_id=8","title":{"rendered":"Analiza Dzia\u0142ki"},"content":{"rendered":"\n<h2 class=\"wp-block-heading\">Poni\u017cej w punktach postaram si\u0119 opisa\u0107, co warto sprawdzi\u0107 przed zakupem dzia\u0142ki i jak te informacje zdoby\u0107.<\/h2>\n\n\n\n<h2 class=\"wp-block-heading\">1. Darmowa analiza dzia\u0142ki na https:\/\/www.extradom.pl\/<\/h2>\n\n\n\n<p>Extradom to portal z ogromn\u0105 ilo\u015bci\u0105 gotowych projekt\u00f3w dom\u00f3w, gara\u017cy, budynk\u00f3w gospodarczych, itp.<\/p>\n\n\n\n<p>Maj\u0105 oni r\u00f3wnie\u017c us\u0142ug\u0119 analizy dzia\u0142ki przed zakupem.<\/p>\n\n\n\n<p>Jak to zrobi\u0107?<\/p>\n\n\n\n<p>Po wej\u015bciu na ich stron\u0119 https:\/\/www.extradom.pl\/ nale\u017cy z\u0142o\u017cy\u0107 konto w ich systemie lub zalogowa\u0107 si\u0119 np. z u\u017cyciem konta Facebook lub konta Google:<\/p>\n\n\n\n<figure class=\"wp-block-image size-large is-resized\"><img loading=\"lazy\" decoding=\"async\" src=\"https:\/\/www.dzialkinadarzyn.pl\/wp-content\/uploads\/2021\/09\/image-14-1024x306.png\" alt=\"\" class=\"wp-image-117\" width=\"585\" height=\"175\" srcset=\"https:\/\/www.dzialkinadarzyn.pl\/wp-content\/uploads\/2021\/09\/image-14-1024x306.png 1024w, https:\/\/www.dzialkinadarzyn.pl\/wp-content\/uploads\/2021\/09\/image-14-300x90.png 300w, https:\/\/www.dzialkinadarzyn.pl\/wp-content\/uploads\/2021\/09\/image-14-768x229.png 768w, https:\/\/www.dzialkinadarzyn.pl\/wp-content\/uploads\/2021\/09\/image-14.png 1267w\" sizes=\"auto, (max-width: 585px) 100vw, 585px\" \/><\/figure>\n\n\n\n<p>Nast\u0119pnie rozwijamy zak\u0142adk\u0119 &#8222;Narz\u0119dzia&#8221; i wybieramy &#8222;Rozpocznij&#8221; pod sekcj\u0105 dotycz\u0105c\u0105 analizy dzia\u0142ki:<\/p>\n\n\n\n<figure class=\"wp-block-image size-large is-resized\"><img loading=\"lazy\" decoding=\"async\" src=\"https:\/\/www.dzialkinadarzyn.pl\/wp-content\/uploads\/2021\/09\/image-15-1024x257.png\" alt=\"\" class=\"wp-image-118\" width=\"582\" height=\"146\" srcset=\"https:\/\/www.dzialkinadarzyn.pl\/wp-content\/uploads\/2021\/09\/image-15-1024x257.png 1024w, https:\/\/www.dzialkinadarzyn.pl\/wp-content\/uploads\/2021\/09\/image-15-300x75.png 300w, https:\/\/www.dzialkinadarzyn.pl\/wp-content\/uploads\/2021\/09\/image-15-768x193.png 768w, https:\/\/www.dzialkinadarzyn.pl\/wp-content\/uploads\/2021\/09\/image-15.png 1280w\" sizes=\"auto, (max-width: 582px) 100vw, 582px\" \/><\/figure>\n\n\n\n<p>Pojawi si\u0119 mapa, na kt\u00f3rej nale\u017cy odszuka\u0107 interesuj\u0105c\u0105 nas dzia\u0142k\u0119, a po klikni\u0119ciu na ni\u0105 wybra\u0107 &#8222;zobacz granice dzia\u0142ki&#8221;:<\/p>\n\n\n\n<figure class=\"wp-block-image size-full\"><img loading=\"lazy\" decoding=\"async\" width=\"344\" height=\"236\" src=\"https:\/\/www.dzialkinadarzyn.pl\/wp-content\/uploads\/2021\/09\/image-16.png\" alt=\"\" class=\"wp-image-119\" srcset=\"https:\/\/www.dzialkinadarzyn.pl\/wp-content\/uploads\/2021\/09\/image-16.png 344w, https:\/\/www.dzialkinadarzyn.pl\/wp-content\/uploads\/2021\/09\/image-16-300x206.png 300w\" sizes=\"auto, (max-width: 344px) 100vw, 344px\" \/><\/figure>\n\n\n\n<p>Dodajemy dzia\u0142k\u0119 do obserwowanych:<\/p>\n\n\n\n<figure class=\"wp-block-image size-full\"><img loading=\"lazy\" decoding=\"async\" width=\"316\" height=\"341\" src=\"https:\/\/www.dzialkinadarzyn.pl\/wp-content\/uploads\/2021\/09\/image-17.png\" alt=\"\" class=\"wp-image-120\" srcset=\"https:\/\/www.dzialkinadarzyn.pl\/wp-content\/uploads\/2021\/09\/image-17.png 316w, https:\/\/www.dzialkinadarzyn.pl\/wp-content\/uploads\/2021\/09\/image-17-278x300.png 278w\" sizes=\"auto, (max-width: 316px) 100vw, 316px\" \/><\/figure>\n\n\n\n<p>Po prawej stronie mapy jest lista obserwowanych przez nas dzia\u0142ek i tam mo\u017cemy wej\u015b\u0107 w ich analiz\u0119:<\/p>\n\n\n\n<figure class=\"wp-block-image size-full\"><img loading=\"lazy\" decoding=\"async\" width=\"377\" height=\"223\" src=\"https:\/\/www.dzialkinadarzyn.pl\/wp-content\/uploads\/2021\/09\/image-18.png\" alt=\"\" class=\"wp-image-121\" srcset=\"https:\/\/www.dzialkinadarzyn.pl\/wp-content\/uploads\/2021\/09\/image-18.png 377w, https:\/\/www.dzialkinadarzyn.pl\/wp-content\/uploads\/2021\/09\/image-18-300x177.png 300w\" sizes=\"auto, (max-width: 377px) 100vw, 377px\" \/><\/figure>\n\n\n\n<p>Je\u017celi dana dzia\u0142ka nie mia\u0142a jeszcze przeprowadzonej analizy, b\u0119dzie mo\u017cna j\u0105 zleci\u0107 ekspertowi Extradom wybieraj\u0105c &#8222;Zam\u00f3w analiz\u0119 dzia\u0142ki&#8221; po prawej stronie.<br>Podczas zamawiania analizy mo\u017cemy odpowiedzie\u0107 &#8222;Nie&#8221; na pytanie &#8222;Czy masz WZ lub MPZP?&#8221;, gmina Nadarzyn posiada MPZP, a eksperci Extradom bez problemu potrafi\u0105 go samemu odnale\u017a\u0107.<\/p>\n\n\n\n<figure class=\"wp-block-image size-full\"><img loading=\"lazy\" decoding=\"async\" width=\"373\" height=\"111\" src=\"https:\/\/www.dzialkinadarzyn.pl\/wp-content\/uploads\/2021\/09\/image-19.png\" alt=\"\" class=\"wp-image-122\" srcset=\"https:\/\/www.dzialkinadarzyn.pl\/wp-content\/uploads\/2021\/09\/image-19.png 373w, https:\/\/www.dzialkinadarzyn.pl\/wp-content\/uploads\/2021\/09\/image-19-300x89.png 300w\" sizes=\"auto, (max-width: 373px) 100vw, 373px\" \/><\/figure>\n\n\n\n<p>Teoretycznie tylko pierwsza analiza dzia\u0142ki jest gratis, ale w momencie, gdy chcia\u0142em zap\u0142aci\u0107 za kolejn\u0105 okaza\u0142o si\u0119, \u017ce si\u0119 nie da, a po kontakcie telefonicznym z firm\u0105 Extradom dowiedzia\u0142em si\u0119, \u017ce kolejne te\u017c b\u0119d\u0105 przeanalizowane za darmo \ud83d\ude42<\/p>\n\n\n\n<h2 class=\"wp-block-heading\">  2. Analiza MPZP <\/h2>\n\n\n\n<p>MPZP (Miejscowy Plan Zagospodarowania Przestrzennego), bardzo upraszczaj\u0105c, jest to plan gminy na to, jak ma by\u0107 zagospodarowany dany teren i do czego maj\u0105 by\u0107 wykorzystane konkretne obszary\/dzia\u0142ki (nie ma to nic wsp\u00f3lnego z tym, jak obecnie dane dzia\u0142ki s\u0105 wykorzystywane, to b\u0119dzie opisane w punkcie 3).<\/p>\n\n\n\n<p>Ciekawy opis MPZP mo\u017cna r\u00f3wnie\u017c znale\u017a\u0107 na stronie Extradom:<\/p>\n\n\n\n<p><a href=\"https:\/\/www.extradom.pl\/porady\/artykul-analiza-mpzp-co-warto-sprawdzic-w-planie-zagospodarowania-przestrzennego\">https:\/\/www.extradom.pl\/porady\/artykul-analiza-mpzp-co-warto-sprawdzic-w-planie-zagospodarowania-przestrzennego<\/a><\/p>\n\n\n\n<p>MPZP dla gminy Nadarzyn przedstawiony w bardzo przyst\u0119pny spos\u00f3b znajduje si\u0119 na stronie http:\/\/nadarzyn.intergis.pl\/<\/p>\n\n\n\n<figure class=\"wp-block-image size-large is-resized\"><img loading=\"lazy\" decoding=\"async\" src=\"https:\/\/www.dzialkinadarzyn.pl\/wp-content\/uploads\/2022\/04\/image-23-1024x750.png\" alt=\"\" class=\"wp-image-176\" width=\"542\" height=\"396\" srcset=\"https:\/\/www.dzialkinadarzyn.pl\/wp-content\/uploads\/2022\/04\/image-23-1024x750.png 1024w, https:\/\/www.dzialkinadarzyn.pl\/wp-content\/uploads\/2022\/04\/image-23-300x220.png 300w, https:\/\/www.dzialkinadarzyn.pl\/wp-content\/uploads\/2022\/04\/image-23-768x563.png 768w, https:\/\/www.dzialkinadarzyn.pl\/wp-content\/uploads\/2022\/04\/image-23.png 1536w\" sizes=\"auto, (max-width: 542px) 100vw, 542px\" \/><\/figure>\n\n\n\n<p>Po wej\u015bciu na stron\u0119 nale\u017cy odnale\u017a\u0107 interesuj\u0105c\u0105 nas dzia\u0142k\u0119, zaznaczy\u0107 (pod\u015bwietli si\u0119 na pomara\u0144czowo), a nast\u0119pnie wcisn\u0105\u0107 ikonk\u0119 &#8222;i&#8221;.<\/p>\n\n\n\n<p>Pojawi si\u0119 okno z informacjami o dzia\u0142ce:<\/p>\n\n\n\n<figure class=\"wp-block-image size-full is-resized\"><img loading=\"lazy\" decoding=\"async\" src=\"https:\/\/www.dzialkinadarzyn.pl\/wp-content\/uploads\/2022\/04\/image-24.png\" alt=\"\" class=\"wp-image-177\" width=\"461\" height=\"411\" srcset=\"https:\/\/www.dzialkinadarzyn.pl\/wp-content\/uploads\/2022\/04\/image-24.png 980w, https:\/\/www.dzialkinadarzyn.pl\/wp-content\/uploads\/2022\/04\/image-24-300x268.png 300w, https:\/\/www.dzialkinadarzyn.pl\/wp-content\/uploads\/2022\/04\/image-24-768x686.png 768w\" sizes=\"auto, (max-width: 461px) 100vw, 461px\" \/><\/figure>\n\n\n\n<p>Mo\u017cemy teraz wcisn\u0105\u0107 ikonk\u0119 mapy (MPZP zostanie na\u0142o\u017cony na wcze\u015bniejsz\u0105 map\u0119) lub pobra\u0107 tre\u015b\u0107 uchwa\u0142y.<\/p>\n\n\n\n<figure class=\"wp-block-image size-large is-resized\"><img loading=\"lazy\" decoding=\"async\" src=\"https:\/\/www.dzialkinadarzyn.pl\/wp-content\/uploads\/2022\/04\/image-25-1024x481.png\" alt=\"\" class=\"wp-image-178\" width=\"470\" height=\"220\" srcset=\"https:\/\/www.dzialkinadarzyn.pl\/wp-content\/uploads\/2022\/04\/image-25-1024x481.png 1024w, https:\/\/www.dzialkinadarzyn.pl\/wp-content\/uploads\/2022\/04\/image-25-300x141.png 300w, https:\/\/www.dzialkinadarzyn.pl\/wp-content\/uploads\/2022\/04\/image-25-768x361.png 768w, https:\/\/www.dzialkinadarzyn.pl\/wp-content\/uploads\/2022\/04\/image-25.png 1146w\" sizes=\"auto, (max-width: 470px) 100vw, 470px\" \/><\/figure>\n\n\n\n<h2 class=\"wp-block-heading\">3. Analiza ewidencji grunt\u00f3w<\/h2>\n\n\n\n<p>Ewidencja Grunt\u00f3w jest r\u00f3wnie wa\u017cna jak MPZP.<br>W ewidencji grunt\u00f3w przedstawione jest, jak obecnie u\u017cytkowana jest dana dzia\u0142ka.<br>Mo\u017cna to sprawdzi\u0107 w kilku miejscach, najpro\u015bciej b\u0119dzie to zrobi\u0107 na stronie:<\/p>\n\n\n\n<figure class=\"wp-block-embed\"><div class=\"wp-block-embed__wrapper\">\nhttps:\/\/mapy.geoportal.gov.pl\/imap\/Imgp_2.html?gpmap=gp0\n<\/div><\/figure>\n\n\n\n<p><\/p>\n\n\n\n<p>Pr\u0105d:<\/p>\n\n\n\n<figure class=\"wp-block-embed\"><div class=\"wp-block-embed__wrapper\">\nhttps:\/\/pgedystrybucja.pl\/kontakt\n<\/div><\/figure>\n\n\n\n<p>Numer kontaktowy do obs\u0142ugi klienta: (22) 341 14 11<\/p>\n\n\n\n<p>Woda:<\/p>\n\n\n\n<p><a href=\"https:\/\/pkn.net.pl\/wodociagi\/\">https:\/\/pkn.net.pl\/wodociagi<\/a><\/p>\n\n\n\n<p>Kanalizacja:<\/p>\n\n\n\n<p><blockquote class=\"wp-embedded-content\" data-secret=\"mbQvcLwzk1\"><a href=\"https:\/\/pkn.net.pl\/kanalizacja\/\">Kanalizacja<\/a><\/blockquote><iframe loading=\"lazy\" class=\"wp-embedded-content\" sandbox=\"allow-scripts\" security=\"restricted\" style=\"position: absolute; clip: rect(1px, 1px, 1px, 1px);\" title=\"&#8222;Kanalizacja&#8221; &#8212; Przedsi\u0119biorstwo Komunalne Nadarzyn Sp. z o.o.\" src=\"https:\/\/pkn.net.pl\/kanalizacja\/embed\/#?secret=mbQvcLwzk1\" data-secret=\"mbQvcLwzk1\" width=\"600\" height=\"338\" frameborder=\"0\" marginwidth=\"0\" marginheight=\"0\" scrolling=\"no\"><\/iframe><\/p>\n\n\n\n<p>Gaz:<\/p>\n\n\n\n<figure class=\"wp-block-embed\"><div class=\"wp-block-embed__wrapper\">\nhttps:\/\/przylaczenie.psgaz.pl\/homepage\n<\/div><\/figure>\n","protected":false},"excerpt":{"rendered":"<p>Poni\u017cej w punktach postaram si\u0119 opisa\u0107, co warto sprawdzi\u0107 przed zakupem dzia\u0142ki i jak te informacje zdoby\u0107. 1. Darmowa analiza dzia\u0142ki na https:\/\/www.extradom.pl\/ Extradom to portal z ogromn\u0105 ilo\u015bci\u0105 gotowych projekt\u00f3w dom\u00f3w, gara\u017cy, budynk\u00f3w gospodarczych, itp. Maj\u0105 oni r\u00f3wnie\u017c us\u0142ug\u0119 &hellip; <a href=\"https:\/\/www.dzialkinadarzyn.pl\/?page_id=8\">Czytaj dalej <span class=\"meta-nav\">&rarr;<\/span><\/a><\/p>\n","protected":false},"author":1,"featured_media":0,"parent":0,"menu_order":0,"comment_status":"closed","ping_status":"closed","template":"","meta":{"footnotes":""},"class_list":["post-8","page","type-page","status-publish","hentry"],"_links":{"self":[{"href":"https:\/\/www.dzialkinadarzyn.pl\/index.php?rest_route=\/wp\/v2\/pages\/8","targetHints":{"allow":["GET"]}}],"collection":[{"href":"https:\/\/www.dzialkinadarzyn.pl\/index.php?rest_route=\/wp\/v2\/pages"}],"about":[{"href":"https:\/\/www.dzialkinadarzyn.pl\/index.php?rest_route=\/wp\/v2\/types\/page"}],"author":[{"embeddable":true,"href":"https:\/\/www.dzialkinadarzyn.pl\/index.php?rest_route=\/wp\/v2\/users\/1"}],"replies":[{"embeddable":true,"href":"https:\/\/www.dzialkinadarzyn.pl\/index.php?rest_route=%2Fwp%2Fv2%2Fcomments&post=8"}],"version-history":[{"count":13,"href":"https:\/\/www.dzialkinadarzyn.pl\/index.php?rest_route=\/wp\/v2\/pages\/8\/revisions"}],"predecessor-version":[{"id":202,"href":"https:\/\/www.dzialkinadarzyn.pl\/index.php?rest_route=\/wp\/v2\/pages\/8\/revisions\/202"}],"wp:attachment":[{"href":"https:\/\/www.dzialkinadarzyn.pl\/index.php?rest_route=%2Fwp%2Fv2%2Fmedia&parent=8"}],"curies":[{"name":"wp","href":"https:\/\/api.w.org\/{rel}","templated":true}]}}